{"id":48,"date":"2026-01-16T07:37:12","date_gmt":"2026-01-16T07:37:12","guid":{"rendered":"https:\/\/strasbourgwinetour.fr\/?page_id=48"},"modified":"2026-01-20T14:09:12","modified_gmt":"2026-01-20T14:09:12","slug":"accueil","status":"publish","type":"page","link":"https:\/\/strasbourgwinetour.fr\/index.php\/fr\/accueil\/","title":{"rendered":"Accueil"},"content":{"rendered":"\n<figure class=\"wp-block-video\"><video height=\"1080\" style=\"aspect-ratio: 1920 \/ 1080;\" width=\"1920\" autoplay loop muted src=\"http:\/\/strasbourgwinetour.fr\/wp-content\/uploads\/2026\/01\/animation.mp4\" playsinline><\/video><\/figure>\n\n\n\n<div style=\"height:30px\" aria-hidden=\"true\" class=\"wp-block-spacer\"><\/div>\n\n\n\n<div class=\"wp-block-columns has-background is-layout-flex wp-container-core-columns-is-layout-41ed4436 wp-block-columns-is-layout-flex\" style=\"border-top-left-radius:25px;border-top-right-radius:25px;border-bottom-left-radius:25px;border-bottom-right-radius:25px;background-color:#f0f0f0;margin-top:0;margin-bottom:0;padding-top:var(--wp--preset--spacing--60);padding-right:var(--wp--preset--spacing--60);padding-bottom:var(--wp--preset--spacing--60);padding-left:var(--wp--preset--spacing--60)\">\n<div class=\"wp-block-column is-layout-flow wp-block-column-is-layout-flow\">\n<h2 class=\"wp-block-heading\">Strasbourg Wine Tour<\/h2>\n\n\n\n<p>D\u00e9couvrez les vins d\u2019Alsace autrement : \u00e0 travers une balade sensorielle o\u00f9 se m\u00ealent&nbsp;<strong>histoire, culture et plaisir des sens<\/strong>.<\/p>\n\n\n\n<p>De l\u2019\u00e9poque romaine aux vignerons ind\u00e9pendants d\u2019aujourd\u2019hui, explorez pr\u00e8s de&nbsp;<strong>deux mill\u00e9naires de tradition viticole<\/strong>&nbsp;au c\u0153ur de Strasbourg.<\/p>\n\n\n\n<p>Apprenez \u00e0&nbsp;<strong>reconna\u00eetre les ar\u00f4mes typiques des c\u00e9pages alsaciens<\/strong>, d\u00e9couvrez les secrets du&nbsp;<strong>cr\u00e9mant<\/strong>&nbsp;et laissez-vous surprendre par la richesse olfactive du vin gr\u00e2ce \u00e0 une&nbsp;<strong>initiation \u00e0 la d\u00e9gustation<\/strong>&nbsp;ludique et conviviale.<\/p>\n\n\n\n<p>Entre anecdotes historiques, d\u00e9couvertes sensorielles et \u00e9changes passionn\u00e9s, cette visite unique vous invite \u00e0&nbsp;<strong>vivre le vin d\u2019Alsace autrement<\/strong>, avec authenticit\u00e9 et curiosit\u00e9.<\/p>\n<\/div>\n\n\n\n<div class=\"wp-block-column is-vertically-aligned-center is-layout-flow wp-container-core-column-is-layout-b108c007 wp-block-column-is-layout-flow\" style=\"padding-right:0;padding-left:0;flex-basis:500px\">\n<figure class=\"wp-block-image aligncenter size-full is-resized\"><img loading=\"lazy\" decoding=\"async\" width=\"900\" height=\"900\" src=\"http:\/\/strasbourgwinetour.fr\/wp-content\/uploads\/2026\/01\/cathedrale4.jpg\" alt=\"\" class=\"wp-image-95\" style=\"width:397px;height:auto\" srcset=\"https:\/\/strasbourgwinetour.fr\/wp-content\/uploads\/2026\/01\/cathedrale4.jpg 900w, https:\/\/strasbourgwinetour.fr\/wp-content\/uploads\/2026\/01\/cathedrale4-300x300.jpg 300w, https:\/\/strasbourgwinetour.fr\/wp-content\/uploads\/2026\/01\/cathedrale4-150x150.jpg 150w, https:\/\/strasbourgwinetour.fr\/wp-content\/uploads\/2026\/01\/cathedrale4-768x768.jpg 768w, https:\/\/strasbourgwinetour.fr\/wp-content\/uploads\/2026\/01\/cathedrale4-500x500.jpg 500w, https:\/\/strasbourgwinetour.fr\/wp-content\/uploads\/2026\/01\/cathedrale4-800x800.jpg 800w\" sizes=\"auto, (max-width: 900px) 100vw, 900px\" \/><\/figure>\n<\/div>\n<\/div>\n\n\n\n<div style=\"height:50px\" aria-hidden=\"true\" class=\"wp-block-spacer\"><\/div>\n\n\n\n<div class=\"wp-block-columns is-layout-flex wp-container-core-columns-is-layout-51c0b34d wp-block-columns-is-layout-flex\" style=\"padding-top:var(--wp--preset--spacing--50);padding-bottom:var(--wp--preset--spacing--50)\">\n<div class=\"wp-block-column is-layout-flow wp-block-column-is-layout-flow\" style=\"padding-right:0;padding-left:0\">\n<figure class=\"wp-block-image aligncenter size-full is-resized is-style-rounded\"><img loading=\"lazy\" decoding=\"async\" width=\"941\" height=\"941\" src=\"https:\/\/strasbourgwinetour.fr\/wp-content\/uploads\/2026\/01\/portrait3.jpg\" alt=\"\" class=\"wp-image-233\" style=\"object-fit:cover;width:397px;height:auto\" srcset=\"https:\/\/strasbourgwinetour.fr\/wp-content\/uploads\/2026\/01\/portrait3.jpg 941w, https:\/\/strasbourgwinetour.fr\/wp-content\/uploads\/2026\/01\/portrait3-300x300.jpg 300w, https:\/\/strasbourgwinetour.fr\/wp-content\/uploads\/2026\/01\/portrait3-150x150.jpg 150w, https:\/\/strasbourgwinetour.fr\/wp-content\/uploads\/2026\/01\/portrait3-768x768.jpg 768w, https:\/\/strasbourgwinetour.fr\/wp-content\/uploads\/2026\/01\/portrait3-500x500.jpg 500w, https:\/\/strasbourgwinetour.fr\/wp-content\/uploads\/2026\/01\/portrait3-800x800.jpg 800w\" sizes=\"auto, (max-width: 941px) 100vw, 941px\" \/><\/figure>\n<\/div>\n\n\n\n<div class=\"wp-block-column is-vertically-aligned-center has-white-color has-text-color has-background has-link-color wp-elements-79e7757cfd78ff544a46a0cf322fe7b1 is-layout-flow wp-container-core-column-is-layout-d343a57a wp-block-column-is-layout-flow\" style=\"border-top-left-radius:25px;border-top-right-radius:25px;border-bottom-left-radius:25px;border-bottom-right-radius:25px;background-color:#aa173d;padding-top:var(--wp--preset--spacing--60);padding-right:0;padding-bottom:var(--wp--preset--spacing--60);padding-left:0;box-shadow:var(--wp--preset--shadow--natural)\">\n<h4 class=\"wp-block-heading has-text-align-center has-ast-global-color-4-color has-text-color has-link-color wp-elements-8993b03d2a6ca017628a6a376512e89e\">Nicolas Pontigo<\/h4>\n\n\n\n<p class=\"has-text-align-center\" style=\"margin-top:var(--wp--preset--spacing--20);margin-bottom:var(--wp--preset--spacing--20)\">Guide oenotouristique<\/p>\n\n\n\n<p class=\"has-text-align-center has-small-font-size\" style=\"margin-right:var(--wp--preset--spacing--70);margin-left:var(--wp--preset--spacing--70)\">Passionn\u00e9 par le vin, ses ar\u00f4mes et son histoire, je vous propose des visites et d\u00e9gustations pour d\u00e9couvrir les vins d&#8217;Alsace, ses terroirs et son histoire de mani\u00e8re vivante et accessible.<\/p>\n<\/div>\n<\/div>\n\n\n\n<div style=\"height:50px\" aria-hidden=\"true\" class=\"wp-block-spacer\"><\/div>\n\n\n\n<div class=\"wp-block-columns has-background is-layout-flex wp-container-core-columns-is-layout-f65187a8 wp-block-columns-is-layout-flex\" style=\"border-top-left-radius:25px;border-top-right-radius:25px;border-bottom-left-radius:25px;border-bottom-right-radius:25px;background-color:#f0f0f0;padding-top:var(--wp--preset--spacing--60);padding-right:var(--wp--preset--spacing--60);padding-bottom:var(--wp--preset--spacing--60);padding-left:var(--wp--preset--spacing--60)\">\n<div class=\"wp-block-column is-layout-flow wp-block-column-is-layout-flow\">\n<h4 class=\"wp-block-heading\">Une exp\u00e9rience unique \u00e0 Strasbourg<\/h4>\n\n\n\n<p>Strasbourg Wine Tour, c\u2019est bien plus qu\u2019une simple visite : c\u2019est une immersion dans l\u2019histoire et la culture du vin d\u2019Alsace, au c\u0153ur m\u00eame de la capitale europ\u00e9enne. Chaque \u00e9tape du parcours m\u00eale patrimoine, anecdotes locales et d\u00e9couvertes sensorielles.<\/p>\n\n\n\n<h4 class=\"wp-block-heading\">Entre histoire et d\u00e9gustation<\/h4>\n\n\n\n<p>De l\u2019Antiquit\u00e9 \u00e0 nos jours, d\u00e9couvrez comment Strasbourg et sa r\u00e9gion ont fa\u00e7onn\u00e9 l\u2019un des vignobles les plus embl\u00e9matiques de France. Vous apprendrez \u00e0&nbsp;<strong>identifier les ar\u00f4mes<\/strong>, \u00e0 comprendre les&nbsp;<strong>c\u00e9pages alsaciens<\/strong>&nbsp;et \u00e0 d\u00e9guster comme un v\u00e9ritable gourmet.<\/p>\n\n\n\n<h4 class=\"wp-block-heading\">Authenticit\u00e9 et convivialit\u00e9<\/h4>\n\n\n\n<p>Guid\u00e9e par la passion, la visite Strasbourg Wine Tour met en avant les&nbsp;<strong>vignerons ind\u00e9pendants<\/strong>, le&nbsp;<strong>savoir-faire artisanal<\/strong>&nbsp;et les&nbsp;<strong>valeurs humaines<\/strong>&nbsp;qui font la richesse du vignoble alsacien. Ici pas de jargon technique : juste du partage, du plaisir et de la curiosit\u00e9.<\/p>\n\n\n\n<h4 class=\"wp-block-heading\">Une visite pour tous<\/h4>\n\n\n\n<p>Que vous soyez amateur de vin, curieux de culture ou simple fl\u00e2neur, Strasbourg Wine Tour est pens\u00e9 pour vous. En solo, en couple ou entre amis, laissez-vous guider dans une aventure sensorielle et historique inoubliable.<\/p>\n<\/div>\n\n\n\n<div class=\"wp-block-column is-vertically-aligned-center is-layout-flow wp-block-column-is-layout-flow\" style=\"flex-basis:500px\">\n<figure class=\"wp-block-image aligncenter size-full is-resized is-style-rounded\"><img loading=\"lazy\" decoding=\"async\" width=\"900\" height=\"900\" src=\"http:\/\/strasbourgwinetour.fr\/wp-content\/uploads\/2026\/01\/verre3-1.jpg\" alt=\"\" class=\"wp-image-109\" style=\"width:349px;height:auto\" srcset=\"https:\/\/strasbourgwinetour.fr\/wp-content\/uploads\/2026\/01\/verre3-1.jpg 900w, https:\/\/strasbourgwinetour.fr\/wp-content\/uploads\/2026\/01\/verre3-1-300x300.jpg 300w, https:\/\/strasbourgwinetour.fr\/wp-content\/uploads\/2026\/01\/verre3-1-150x150.jpg 150w, https:\/\/strasbourgwinetour.fr\/wp-content\/uploads\/2026\/01\/verre3-1-768x768.jpg 768w, https:\/\/strasbourgwinetour.fr\/wp-content\/uploads\/2026\/01\/verre3-1-500x500.jpg 500w, https:\/\/strasbourgwinetour.fr\/wp-content\/uploads\/2026\/01\/verre3-1-800x800.jpg 800w\" sizes=\"auto, (max-width: 900px) 100vw, 900px\" \/><\/figure>\n<\/div>\n<\/div>\n\n\n\n<div style=\"height:30px\" aria-hidden=\"true\" class=\"wp-block-spacer\"><\/div>\n\n\n\n<div class=\"wp-block-nk-awb nk-awb is-layout-constrained wp-block-nk-awb-is-layout-constrained\" style=\"min-height:300px\"><div class=\"nk-awb-wrap\" data-awb-type=\"image\" data-awb-parallax=\"scroll\" data-awb-parallax-speed=\"0.5\" data-awb-parallax-mobile=\"true\" data-awb-image-background-size=\"cover\" data-awb-image-background-position=\"50% 50%\"><div class=\"nk-awb-inner\"><img loading=\"lazy\" decoding=\"async\" src=\"https:\/\/strasbourgwinetour.fr\/wp-content\/uploads\/2026\/01\/paysage2-1.jpg\" class=\"wp-image-229 jarallax-img\" width=\"2000\" height=\"790\" srcset=\"https:\/\/strasbourgwinetour.fr\/wp-content\/uploads\/2026\/01\/paysage2-1.jpg 2000w, https:\/\/strasbourgwinetour.fr\/wp-content\/uploads\/2026\/01\/paysage2-1-300x119.jpg 300w, https:\/\/strasbourgwinetour.fr\/wp-content\/uploads\/2026\/01\/paysage2-1-1024x404.jpg 1024w, https:\/\/strasbourgwinetour.fr\/wp-content\/uploads\/2026\/01\/paysage2-1-768x303.jpg 768w, https:\/\/strasbourgwinetour.fr\/wp-content\/uploads\/2026\/01\/paysage2-1-1536x607.jpg 1536w, https:\/\/strasbourgwinetour.fr\/wp-content\/uploads\/2026\/01\/paysage2-1-500x198.jpg 500w, https:\/\/strasbourgwinetour.fr\/wp-content\/uploads\/2026\/01\/paysage2-1-800x316.jpg 800w, https:\/\/strasbourgwinetour.fr\/wp-content\/uploads\/2026\/01\/paysage2-1-1280x506.jpg 1280w, https:\/\/strasbourgwinetour.fr\/wp-content\/uploads\/2026\/01\/paysage2-1-1920x758.jpg 1920w\" sizes=\"auto, (max-width: 2000px) 100vw, 2000px\" \/><\/div><\/div><div class=\"nk-awb-wrap-content\"><\/div><\/div>\n\n\n\n<div style=\"height:25px\" aria-hidden=\"true\" class=\"wp-block-spacer\"><\/div>\n\n\n\n<div class=\"wp-block-columns is-layout-flex wp-container-core-columns-is-layout-ec2e7a44 wp-block-columns-is-layout-flex\" style=\"padding-top:0;padding-bottom:0\">\n<div class=\"wp-block-column is-vertically-aligned-center is-layout-flow wp-block-column-is-layout-flow\" style=\"flex-basis:100%\">\n<div class=\"wp-block-group is-content-justification-center is-nowrap is-layout-flex wp-container-core-group-is-layout-c0b7569f wp-block-group-is-layout-flex\" style=\"padding-top:var(--wp--preset--spacing--20);padding-bottom:var(--wp--preset--spacing--20)\">\n<figure class=\"wp-block-image size-full is-resized wp-container-content-c0740251\" style=\"margin-top:0;margin-right:0;margin-bottom:0;margin-left:0\"><img loading=\"lazy\" decoding=\"async\" width=\"213\" height=\"512\" src=\"https:\/\/strasbourgwinetour.fr\/wp-content\/uploads\/2026\/01\/iconVerre.png\" alt=\"\" class=\"wp-image-152\" style=\"object-fit:cover;width:118px;height:auto\" srcset=\"https:\/\/strasbourgwinetour.fr\/wp-content\/uploads\/2026\/01\/iconVerre.png 213w, https:\/\/strasbourgwinetour.fr\/wp-content\/uploads\/2026\/01\/iconVerre-125x300.png 125w\" sizes=\"auto, (max-width: 213px) 100vw, 213px\" \/><\/figure>\n\n\n\n<h2 class=\"wp-block-heading\">Les tours<\/h2>\n<\/div>\n<\/div>\n<\/div>\n\n\n\n<div class=\"wp-block-columns is-layout-flex wp-container-core-columns-is-layout-8d88fe0f wp-block-columns-is-layout-flex\" style=\"padding-top:var(--wp--preset--spacing--20);padding-bottom:var(--wp--preset--spacing--20)\">\n<div class=\"wp-block-column has-background is-layout-flow wp-container-core-column-is-layout-7781f981 wp-block-column-is-layout-flow\" style=\"border-top-left-radius:25px;border-top-right-radius:25px;border-bottom-left-radius:25px;border-bottom-right-radius:25px;background-color:#ab183f;padding-top:var(--wp--preset--spacing--50);padding-right:var(--wp--preset--spacing--50);padding-bottom:var(--wp--preset--spacing--50);padding-left:var(--wp--preset--spacing--50)\">\n<h4 class=\"wp-block-heading has-text-align-center has-white-color has-text-color has-link-color wp-elements-45e34506a53357e3c30a10b34bc9a3ee\">Visite D\u00e9couverte, 1h30, 25\u20ac<\/h4>\n\n\n\n<ul style=\"margin-top:var(--wp--preset--spacing--50);margin-bottom:var(--wp--preset--spacing--50)\" class=\"wp-block-list\">\n<li class=\"has-white-color has-text-color has-link-color wp-elements-4629b1510fe6a2d513119dee38345a1a\">Circuit de 30 mn \u00e0 pied dans l\u2019hypercentre de Strasbourg autour de lieu embl\u00e9matiques de l\u2019histoire du vin<\/li>\n\n\n\n<li class=\"has-white-color has-text-color has-link-color wp-elements-06e00463690a199ed76b6ebcf48809d3\">D\u00e9couverte de l\u2019histoire et des particularit\u00e9s du vignoble Alsacien<\/li>\n\n\n\n<li class=\"has-white-color has-text-color has-link-color wp-elements-e9fd92e8541e063204066e41aa1bb1a6\">Atelier sensoriel \/ Initiation \u00e0 la d\u00e9gustation<\/li>\n\n\n\n<li class=\"has-white-color has-text-color has-link-color wp-elements-26af994f35e6edc7972e2fbaf51467d7\">D\u00e9gustation de trois c\u00e9pages embl\u00e9matiques de la r\u00e9gion<\/li>\n<\/ul>\n<\/div>\n\n\n\n<div class=\"wp-block-column has-white-color has-text-color has-background has-link-color wp-elements-50e853796d2ae3d5eb77f86dec18602b is-layout-flow wp-block-column-is-layout-flow\" style=\"border-top-left-radius:25px;border-top-right-radius:25px;border-bottom-left-radius:25px;border-bottom-right-radius:25px;background-color:#ab183f;padding-top:var(--wp--preset--spacing--50);padding-right:var(--wp--preset--spacing--50);padding-bottom:var(--wp--preset--spacing--50);padding-left:var(--wp--preset--spacing--50)\">\n<h4 class=\"wp-block-heading has-text-align-center has-white-color has-text-color has-link-color wp-elements-3fb8b253fd871f4178cb81914f0346fc\">Visite Immersion, 3h, 65\u20ac<\/h4>\n\n\n\n<ul style=\"margin-top:var(--wp--preset--spacing--50);margin-bottom:var(--wp--preset--spacing--50)\" class=\"wp-block-list\">\n<li>D\u00e9couverte de l\u2019histoire et des particularit\u00e9s du vignoble Alsacien<\/li>\n\n\n\n<li>Atelier sensoriel \/ Initiation \u00e0 la d\u00e9gustation<\/li>\n\n\n\n<li>D\u00e9gustation de six c\u00e9pages embl\u00e9matiques avec planchette de charcuteries et\/ou fromages<\/li>\n\n\n\n<li>Visite comment\u00e9e de la Cave historique des hospices civils de Strasbourg<\/li>\n<\/ul>\n<\/div>\n<\/div>\n\n\n\n<div class=\"wp-block-columns is-layout-flex wp-container-core-columns-is-layout-28f84493 wp-block-columns-is-layout-flex\">\n<div class=\"wp-block-column has-background is-layout-flow wp-container-core-column-is-layout-7781f981 wp-block-column-is-layout-flow\" style=\"border-top-left-radius:25px;border-top-right-radius:25px;border-bottom-left-radius:25px;border-bottom-right-radius:25px;background-color:#ab183f;padding-top:var(--wp--preset--spacing--50);padding-right:var(--wp--preset--spacing--50);padding-bottom:var(--wp--preset--spacing--50);padding-left:var(--wp--preset--spacing--50)\">\n<h4 class=\"wp-block-heading has-text-align-center has-ast-global-color-4-color has-text-color has-link-color wp-elements-cf2cca6716f61e1e21f96618fabbb98b\">\u00c9v\u00e8nements d\u2019entreprise sur mesure<\/h4>\n\n\n\n<p class=\"has-white-color has-text-color has-link-color wp-elements-f595ff83443c393357d08d887cd5e9e9\" style=\"margin-top:var(--wp--preset--spacing--50);margin-bottom:var(--wp--preset--spacing--50)\">Qu\u2019il s\u2019agisse d\u2019un s\u00e9minaire, d\u2019un afterwork ou d\u2019une journ\u00e9e de team building, chaque exp\u00e9rience est con\u00e7ue sur mesure :&nbsp;<strong>d\u00e9gustations \u00e0 l\u2019aveugle<\/strong>,&nbsp;<strong>ateliers sensoriels<\/strong>&nbsp;ou encore&nbsp;<strong>quizz en \u00e9quipe<\/strong>&nbsp;invitent \u00e0 explorer le vin autrement, dans une ambiance \u00e0 la fois ludique et raffin\u00e9e.<\/p>\n\n\n\n<p class=\"has-white-color has-text-color has-link-color wp-elements-f65206eeddfd3d950525ecbd35aeda1d\">Chaque \u00e9v\u00e9nement se veut unique, adapt\u00e9 \u00e0 vos envies, \u00e0 votre rythme et \u00e0 l\u2019esprit de votre entreprise \u2014 pour une exp\u00e9rience authentique, inspirante et m\u00e9morable.<\/p>\n\n\n\n<p class=\"has-ast-global-color-4-color has-text-color has-link-color wp-elements-7ed330a8954e8a4904c6796b40fd43b2\">N\u2019h\u00e9sitez pas \u00e0 nous contacter pour concevoir ensemble votre moment sur mesure !<\/p>\n<\/div>\n\n\n\n<div class=\"wp-block-column has-white-color has-text-color has-background has-link-color wp-elements-0c4997e131a47747a924f7d28d4e64d4 is-layout-flow wp-block-column-is-layout-flow\" style=\"border-top-left-radius:25px;border-top-right-radius:25px;border-bottom-left-radius:25px;border-bottom-right-radius:25px;background-color:#ab183f;padding-top:var(--wp--preset--spacing--50);padding-right:var(--wp--preset--spacing--50);padding-bottom:var(--wp--preset--spacing--50);padding-left:var(--wp--preset--spacing--50)\">\n<h4 class=\"wp-block-heading has-white-color has-text-color has-link-color wp-elements-a5713f2462dd6088157f33e8bd476924\">Tours sur mesure : \u00e0 la journ\u00e9e ou demi-journ\u00e9e<\/h4>\n\n\n\n<p class=\"has-white-color has-text-color has-link-color wp-elements-067fd3c6a87b84456f620e4c80253ae0\">Envie d\u2019aller plus loin ? Strasbourg Wine Tour propose \u00e9galement des&nbsp;<strong>excursions personnalis\u00e9es d\u2019une demi-journ\u00e9e ou d\u2019une journ\u00e9e compl\u00e8te<\/strong>, pour d\u00e9couvrir l\u2019Alsace viticole autrement.<\/p>\n\n\n\n<p class=\"has-white-color has-text-color has-link-color wp-elements-ff25a287a76588db4f671fa8e10b42ef\">Ces exp\u00e9riences sont con\u00e7ues \u00e0 la demande, selon vos envies :&nbsp;<strong>visites de caves familiales<\/strong>,&nbsp;<strong>rencontres avec des vignerons passionn\u00e9s<\/strong>,&nbsp;<strong>d\u00e9gustations comment\u00e9es<\/strong>&nbsp;et&nbsp;<strong>balades au c\u0153ur des vignes<\/strong>&nbsp;ponctuent un itin\u00e9raire m\u00ealant terroir, histoire et convivialit\u00e9.<\/p>\n<\/div>\n<\/div>\n\n\n\n<div style=\"height:0px\" aria-hidden=\"true\" class=\"wp-block-spacer\"><\/div>\n\n\n\n<div style=\"height:50px\" aria-hidden=\"true\" class=\"wp-block-spacer\"><\/div>\n","protected":false},"excerpt":{"rendered":"<p>Strasbourg Wine Tour D\u00e9couvrez les vins d\u2019Alsace autrement : \u00e0 travers une balade sensorielle o\u00f9 se m\u00ealent&nbsp;histoire, culture et plaisir [&hellip;]<\/p>\n","protected":false},"author":1,"featured_media":0,"parent":0,"menu_order":0,"comment_status":"closed","ping_status":"closed","template":"","meta":{"site-sidebar-layout":"default","site-content-layout":"","ast-site-content-layout":"default","site-content-style":"default","site-sidebar-style":"default","ast-global-header-display":"","ast-banner-title-visibility":"","ast-main-header-display":"","ast-hfb-above-header-display":"","ast-hfb-below-header-display":"","ast-hfb-mobile-header-display":"","site-post-title":"disabled","ast-breadcrumbs-content":"","ast-featured-img":"","footer-sml-layout":"","ast-disable-related-posts":"","theme-transparent-header-meta":"","adv-header-id-meta":"","stick-header-meta":"","header-above-stick-meta":"","header-main-stick-meta":"","header-below-stick-meta":"","astra-migrate-meta-layouts":"default","ast-page-background-enabled":"default","ast-page-background-meta":{"desktop":{"background-color":"var(--ast-global-color-5)","background-image":"","background-repeat":"repeat","background-position":"center center","background-size":"auto","background-attachment":"scroll","background-type":"","background-media":"","overlay-type":"","overlay-color":"","overlay-opacity":"","overlay-gradient":""},"tablet":{"background-color":"","background-image":"","background-repeat":"repeat","background-position":"center center","background-size":"auto","background-attachment":"scroll","background-type":"","background-media":"","overlay-type":"","overlay-color":"","overlay-opacity":"","overlay-gradient":""},"mobile":{"background-color":"","background-image":"","background-repeat":"repeat","background-position":"center center","background-size":"auto","background-attachment":"scroll","background-type":"","background-media":"","overlay-type":"","overlay-color":"","overlay-opacity":"","overlay-gradient":""}},"ast-content-background-meta":{"desktop":{"background-color":"var(--ast-global-color-4)","background-image":"","background-repeat":"repeat","background-position":"center center","background-size":"auto","background-attachment":"scroll","background-type":"","background-media":"","overlay-type":"","overlay-color":"","overlay-opacity":"","overlay-gradient":""},"tablet":{"background-color":"var(--ast-global-color-4)","background-image":"","background-repeat":"repeat","background-position":"center center","background-size":"auto","background-attachment":"scroll","background-type":"","background-media":"","overlay-type":"","overlay-color":"","overlay-opacity":"","overlay-gradient":""},"mobile":{"background-color":"var(--ast-global-color-4)","background-image":"","background-repeat":"repeat","background-position":"center center","background-size":"auto","background-attachment":"scroll","background-type":"","background-media":"","overlay-type":"","overlay-color":"","overlay-opacity":"","overlay-gradient":""}},"footnotes":""},"class_list":["post-48","page","type-page","status-publish","hentry"],"_links":{"self":[{"href":"https:\/\/strasbourgwinetour.fr\/index.php\/wp-json\/wp\/v2\/pages\/48","targetHints":{"allow":["GET"]}}],"collection":[{"href":"https:\/\/strasbourgwinetour.fr\/index.php\/wp-json\/wp\/v2\/pages"}],"about":[{"href":"https:\/\/strasbourgwinetour.fr\/index.php\/wp-json\/wp\/v2\/types\/page"}],"author":[{"embeddable":true,"href":"https:\/\/strasbourgwinetour.fr\/index.php\/wp-json\/wp\/v2\/users\/1"}],"replies":[{"embeddable":true,"href":"https:\/\/strasbourgwinetour.fr\/index.php\/wp-json\/wp\/v2\/comments?post=48"}],"version-history":[{"count":81,"href":"https:\/\/strasbourgwinetour.fr\/index.php\/wp-json\/wp\/v2\/pages\/48\/revisions"}],"predecessor-version":[{"id":236,"href":"https:\/\/strasbourgwinetour.fr\/index.php\/wp-json\/wp\/v2\/pages\/48\/revisions\/236"}],"wp:attachment":[{"href":"https:\/\/strasbourgwinetour.fr\/index.php\/wp-json\/wp\/v2\/media?parent=48"}],"curies":[{"name":"wp","href":"https:\/\/api.w.org\/{rel}","templated":true}]}}